{"id":21124,"date":"2024-10-06T03:41:31","date_gmt":"2024-10-06T03:41:31","guid":{"rendered":"https:\/\/b.dovix.ca\/?page_id=21124"},"modified":"2024-10-12T01:58:02","modified_gmt":"2024-10-12T01:58:02","slug":"code-of-conduct","status":"publish","type":"page","link":"https:\/\/b.dovix.ca\/fr\/code-of-conduct\/","title":{"rendered":"Code de Conduite"},"content":{"rendered":"<h2>Code de Conduite<\/h2>\n<p>At Dovix Corporation, we are committed to providing a respectful, professional, and secure online environment for all our users. This Code of Conduct outlines the rules and expectations to be followed when using <a href=\"https:\/\/dovix.ca\/\">our website<\/a>Chez Dovix Corporation, nous nous engageons \u00e0 fournir un environnement en ligne respectueux, professionnel et s\u00e9curis\u00e9 pour tous nos utilisateurs. Ce Code de conduite d\u00e9crit les r\u00e8gles et les attentes \u00e0 respecter lors de l\u2019utilisation de notre site web, de notre application mobile Dovix et de l\u2019ensemble de nos services. Tout manquement \u00e0 ce Code peut entra\u00eener des sanctions, y compris la suspension ou la r\u00e9siliation de l\u2019acc\u00e8s aux services.<\/p>\n<h3>1. Respect et courtoisie<\/h3>\n<p>Tous les utilisateurs de Dovix doivent interagir avec les autres membres, prestataires, partenaires, et le personnel de mani\u00e8re respectueuse et courtoise. Cela inclut, mais ne se limite pas \u00e0 :<\/p>\n<ul>\n<li>Utiliser un langage appropri\u00e9 et non offensant.<\/li>\n<li>Respecter les opinions, croyances et valeurs des autres.<\/li>\n<li>Ne pas harceler, intimider ou discriminer quelqu\u2019un sur la base de sa race, religion, sexe, orientation sexuelle, handicap, ou toute autre caract\u00e9ristique prot\u00e9g\u00e9e.<\/li>\n<\/ul>\n<h3>2. Utilisation appropri\u00e9e des services<\/h3>\n<p>L\u2019utilisation des services de Dovix doit se faire dans un cadre l\u00e9gal et conforme \u00e0 nos <a href=\"https:\/\/b.dovix.ca\/fr\/lp-term-conditions\/\">Termes et Conditions<\/a>. Cela signifie que vous vous engagez \u00e0 :<\/p>\n<ul>\n<li>Ne pas utiliser les services pour des activit\u00e9s frauduleuses, ill\u00e9gales ou nuisibles.<\/li>\n<li>Ne pas envoyer de spam, d\u2019emails commerciaux non sollicit\u00e9s, ni mener des activit\u00e9s malveillantes, telles que le phishing, l\u2019usurpation d\u2019identit\u00e9 ou la diffusion de logiciels malveillants.<\/li>\n<li>Ne pas acc\u00e9der \u00e0 des donn\u00e9es ou syst\u00e8mes auxquels vous n\u2019\u00eates pas autoris\u00e9.<\/li>\n<\/ul>\n<h3>3. Protection des informations confidentielles<\/h3>\n<p>Les utilisateurs peuvent avoir acc\u00e8s \u00e0 des informations confidentielles concernant Dovix, ses clients, ses prestataires ou ses partenaires. Il est essentiel de respecter la confidentialit\u00e9 de ces informations en :<\/p>\n<ul>\n<li>Ne les divulguant pas \u00e0 des tiers sans autorisation.<\/li>\n<li>Prot\u00e9geant les donn\u00e9es sensibles et en respectant les lois applicables en mati\u00e8re de protection des donn\u00e9es personnelles.<\/li>\n<\/ul>\n<h3>4. Propri\u00e9t\u00e9 intellectuelle<\/h3>\n<p>Tous les contenus, logiciels, et autres \u00e9l\u00e9ments pr\u00e9sents sur dovix.ca sont prot\u00e9g\u00e9s par des droits d\u2019auteur ou des droits de propri\u00e9t\u00e9 intellectuelle. Vous vous engagez \u00e0 :<\/p>\n<ul>\n<li>Ne pas reproduire, distribuer, ou utiliser des \u00e9l\u00e9ments prot\u00e9g\u00e9s sans autorisation.<\/li>\n<li>Respecter les droits d\u2019auteur des contenus mis \u00e0 disposition par Dovix et ses utilisateurs.<\/li>\n<\/ul>\n<h3>5. Interdiction de pratiques malveillantes<\/h3>\n<p>Les utilisateurs de Dovix s'engagent \u00e0 ne pas mener d\u2019activit\u00e9s susceptibles de compromettre la s\u00e9curit\u00e9, la disponibilit\u00e9 ou l'int\u00e9grit\u00e9 du site ou des services, y compris :<\/p>\n<ul>\n<li>Les tentatives de piratage ou d'acc\u00e8s non autoris\u00e9 \u00e0 nos syst\u00e8mes.<\/li>\n<li>L\u2019utilisation de bots ou d\u2019autres moyens automatis\u00e9s pour acc\u00e9der aux services sans permission.<\/li>\n<li>Toute tentative de perturber le bon fonctionnement du site.<\/li>\n<\/ul>\n<h3>6. Signalement de violations<\/h3>\n<p>Si vous constatez une violation de ce Code de conduite, nous vous encourageons \u00e0 la signaler \u00e0 notre \u00e9quipe via <a href=\"mailto:info@dovix.ca\">info@dovix.ca<\/a>. Toutes les plaintes seront trait\u00e9es de mani\u00e8re confidentielle et appropri\u00e9e.<\/p>\n<h3>7. Sanctions en cas de non-respect<\/h3>\n<p>Tout manquement \u00e0 ce Code de conduite peut entra\u00eener des sanctions, \u00e0 la discr\u00e9tion de Dovix, qui incluent mais ne se limitent pas \u00e0 :<\/p>\n<ul>\n<li>Un avertissement formel.<\/li>\n<li>La suspension temporaire de l\u2019acc\u00e8s aux services.<\/li>\n<li>La r\u00e9siliation d\u00e9finitive du compte utilisateur.<\/li>\n<li>Des poursuites judiciaires.<\/li>\n<\/ul>\n<h3>8. Modifications du Code de conduite<\/h3>\n<p>Dovix se r\u00e9serve le droit de modifier ce Code de conduite \u00e0 tout moment. Les modifications seront publi\u00e9es sur cette page et prendront effet imm\u00e9diatement apr\u00e8s leur publication. Nous vous encourageons \u00e0 consulter r\u00e9guli\u00e8rement cette page pour vous tenir inform\u00e9 des mises \u00e0 jour.<\/p>\n<h3>9. Contact<\/h3>\n<p>Pour toute question concernant ce Code de conduite ou pour signaler une violation, veuillez nous contacter \u00e0 <a href=\"mailto:info@dovix.ca\">info@dovix.ca<\/a>.<\/p>","protected":false},"excerpt":{"rendered":"<p>Code of Conduct At Dovix Corporation, we are committed to providing a respectful, professional, and secure online environment for all&#8230;<\/p>","protected":false},"author":2,"featured_media":0,"parent":0,"menu_order":0,"comment_status":"closed","ping_status":"closed","template":"","meta":{"_monsterinsights_skip_tracking":false,"_monsterinsights_sitenote_active":false,"_monsterinsights_sitenote_note":"","_monsterinsights_sitenote_category":0,"footnotes":""},"class_list":["post-21124","page","type-page","status-publish","hentry"],"aioseo_notices":[],"_links":{"self":[{"href":"https:\/\/b.dovix.ca\/fr\/wp-json\/wp\/v2\/pages\/21124","targetHints":{"allow":["GET"]}}],"collection":[{"href":"https:\/\/b.dovix.ca\/fr\/wp-json\/wp\/v2\/pages"}],"about":[{"href":"https:\/\/b.dovix.ca\/fr\/wp-json\/wp\/v2\/types\/page"}],"author":[{"embeddable":true,"href":"https:\/\/b.dovix.ca\/fr\/wp-json\/wp\/v2\/users\/2"}],"replies":[{"embeddable":true,"href":"https:\/\/b.dovix.ca\/fr\/wp-json\/wp\/v2\/comments?post=21124"}],"version-history":[{"count":2,"href":"https:\/\/b.dovix.ca\/fr\/wp-json\/wp\/v2\/pages\/21124\/revisions"}],"predecessor-version":[{"id":21461,"href":"https:\/\/b.dovix.ca\/fr\/wp-json\/wp\/v2\/pages\/21124\/revisions\/21461"}],"wp:attachment":[{"href":"https:\/\/b.dovix.ca\/fr\/wp-json\/wp\/v2\/media?parent=21124"}],"curies":[{"name":"wp","href":"https:\/\/api.w.org\/{rel}","templated":true}]}}