{"id":21091,"date":"2024-10-06T02:13:24","date_gmt":"2024-10-06T02:13:24","guid":{"rendered":"https:\/\/b.dovix.ca\/?post_type=product&#038;p=21091"},"modified":"2025-03-07T00:32:09","modified_gmt":"2025-03-07T05:32:09","slug":"fixation","status":"publish","type":"product","link":"https:\/\/b.dovix.ca\/fr\/produit\/fixation\/","title":{"rendered":"Fixation"},"content":{"rendered":"<div data-elementor-type=\"wp-post\" data-elementor-id=\"21091\" class=\"elementor elementor-21091\">\n\t\t\t\t<div class=\"elementor-element elementor-element-b62b22c e-flex e-con-boxed e-con e-parent\" data-id=\"b62b22c\" data-element_type=\"container\">\n\t\t\t\t\t<div class=\"e-con-inner\">\n\t\t<div class=\"elementor-element elementor-element-09834a7 e-con-full e-flex e-con e-child\" data-id=\"09834a7\" data-element_type=\"container\">\n\t\t\t\t<div class=\"elementor-element elementor-element-f49d97a elementor-widget elementor-widget-image\" data-id=\"f49d97a\" data-element_type=\"widget\" data-widget_type=\"image.default\">\n\t\t\t\t<div class=\"elementor-widget-container\">\n\t\t\t\t\t\t\t\t\t\t\t\t\t\t\t<img fetchpriority=\"high\" decoding=\"async\" width=\"640\" height=\"427\" src=\"https:\/\/b.dovix.ca\/wp-content\/uploads\/2024\/09\/hands-driving-nail-with-hammer-into-wooden-shelf-1024x683.jpg\" class=\"attachment-large size-large wp-image-20795\" alt=\"\" srcset=\"https:\/\/b.dovix.ca\/wp-content\/uploads\/2024\/09\/hands-driving-nail-with-hammer-into-wooden-shelf-1024x683.jpg 1024w, https:\/\/b.dovix.ca\/wp-content\/uploads\/2024\/09\/hands-driving-nail-with-hammer-into-wooden-shelf-300x200.jpg 300w, https:\/\/b.dovix.ca\/wp-content\/uploads\/2024\/09\/hands-driving-nail-with-hammer-into-wooden-shelf-768x512.jpg 768w, https:\/\/b.dovix.ca\/wp-content\/uploads\/2024\/09\/hands-driving-nail-with-hammer-into-wooden-shelf-1536x1024.jpg 1536w, https:\/\/b.dovix.ca\/wp-content\/uploads\/2024\/09\/hands-driving-nail-with-hammer-into-wooden-shelf-2048x1365.jpg 2048w, https:\/\/b.dovix.ca\/wp-content\/uploads\/2024\/09\/hands-driving-nail-with-hammer-into-wooden-shelf-600x400.jpg 600w\" sizes=\"(max-width: 640px) 100vw, 640px\" \/>\t\t\t\t\t\t\t\t\t\t\t\t\t\t\t<\/div>\n\t\t\t\t<\/div>\n\t\t\t\t<\/div>\n\t\t<div class=\"elementor-element elementor-element-ec3286a e-con-full e-flex e-con e-child\" data-id=\"ec3286a\" data-element_type=\"container\">\n\t\t\t\t<div class=\"elementor-element elementor-element-4a77996 elementor-widget elementor-widget-heading\" data-id=\"4a77996\" data-element_type=\"widget\" data-widget_type=\"heading.default\">\n\t\t\t\t<div class=\"elementor-widget-container\">\n\t\t\t\t\t<h4 class=\"elementor-heading-title elementor-size-default\">Pourquoi choisir Dovix?<\/h4>\t\t\t\t<\/div>\n\t\t\t\t<\/div>\n\t\t\t\t<div class=\"elementor-element elementor-element-52c8d6c elementor-widget elementor-widget-text-editor\" data-id=\"52c8d6c\" data-element_type=\"widget\" data-widget_type=\"text-editor.default\">\n\t\t\t\t<div class=\"elementor-widget-container\">\n\t\t\t\t\t\t\t\t\t<p><strong>Professionnalisme :<\/strong>\u00a0Notre \u00e9quipe de bricoleurs est compos\u00e9e de professionnels comp\u00e9tents et fiables, d\u00e9di\u00e9s \u00e0 fournir un travail de qualit\u00e9. Nous nous rendons chez vous, ce qui signifie que vous n'avez pas besoin de vous d\u00e9placer ni d'acheter des outils co\u00fbteux.<\/p><p><strong>Flexibilit\u00e9:<\/strong>\u00a0Nous nous adaptons \u00e0 votre emploi du temps. Que vous ayez besoin de services en semaine, le week-end ou en soir\u00e9e, nous sommes l\u00e0 pour vous.<\/p><p><strong>Tarification Transparente:<\/strong>\u00a0Nos\u00a0<a href=\"https:\/\/dovix.ca\/nos-tarifs\">tarifs<\/a>\u00a0sont transparents et comp\u00e9titifs. Vous saurez toujours ce que vous payez avant de commencer les travaux.<\/p><p><strong>Satisfaction garantie:<\/strong>\u00a0Votre satisfaction est notre priorit\u00e9. Nous travaillons avec vous pour nous assurer que le r\u00e9sultat final r\u00e9pond \u00e0 vos attentes.<\/p>\t\t\t\t\t\t\t\t<\/div>\n\t\t\t\t<\/div>\n\t\t\t\t<\/div>\n\t\t\t\t\t<\/div>\n\t\t\t\t<\/div>\n\t\t\t\t<\/div>","protected":false},"excerpt":{"rendered":"<h5>Ne vous contentez pas d'une installation m\u00e9diocre. Laissez-nous nous occuper de l'installation de vos tringles \u00e0 rideaux, miroirs et accessoires.<\/h5>\n<p>L'installation de rideaux, miroirs et autres accessoires muraux est essentielle pour personnaliser votre espace int\u00e9rieur. Ce processus n\u00e9cessite une attention particuli\u00e8re pour garantir une installation s\u00e9curis\u00e9e et stable. Il est important de choisir les bons supports en fonction du poids et du type d'objet \u00e0 suspendre. Que ce soit des tringles \u00e0 rideaux, des crochets pour miroirs ou des \u00e9tag\u00e8res, l'utilisation de mat\u00e9riaux appropri\u00e9s assure une installation durable. La pr\u00e9paration du mur est cruciale et inclut la localisation des montants ou structures solides pour \u00e9viter les accidents. Une fois l'emplacement d\u00e9termin\u00e9, il est essentiel d'utiliser les bons outils, comme des perceuses, vis et chevilles, pour une fixation optimale. Apr\u00e8s l'installation, il est conseill\u00e9 de v\u00e9rifier le niveau et l'alignement des \u00e9l\u00e9ments pour un aspect soign\u00e9. Une installation professionnelle garantit que les accessoires sont correctement fix\u00e9s, r\u00e9duisant ainsi le risque de chutes ou de dommages.\"<\/p>\n<p>Service disponible en semaine et le week-end. Dur\u00e9e : 1 heure minimum.<\/p>","protected":false},"featured_media":21422,"comment_status":"open","ping_status":"closed","template":"","meta":{"_monsterinsights_skip_tracking":false,"_monsterinsights_sitenote_active":false,"_monsterinsights_sitenote_note":"","_monsterinsights_sitenote_category":0},"product_brand":[],"product_cat":[74],"product_tag":[],"class_list":{"0":"post-21091","1":"product","2":"type-product","3":"status-publish","4":"has-post-thumbnail","6":"product_cat-home-services","8":"first","9":"instock","10":"featured","11":"sold-individually","12":"taxable","13":"shipping-taxable","14":"purchasable","15":"product-type-booking"},"aioseo_notices":[],"_links":{"self":[{"href":"https:\/\/b.dovix.ca\/fr\/wp-json\/wp\/v2\/product\/21091","targetHints":{"allow":["GET"]}}],"collection":[{"href":"https:\/\/b.dovix.ca\/fr\/wp-json\/wp\/v2\/product"}],"about":[{"href":"https:\/\/b.dovix.ca\/fr\/wp-json\/wp\/v2\/types\/product"}],"replies":[{"embeddable":true,"href":"https:\/\/b.dovix.ca\/fr\/wp-json\/wp\/v2\/comments?post=21091"}],"version-history":[{"count":6,"href":"https:\/\/b.dovix.ca\/fr\/wp-json\/wp\/v2\/product\/21091\/revisions"}],"predecessor-version":[{"id":21816,"href":"https:\/\/b.dovix.ca\/fr\/wp-json\/wp\/v2\/product\/21091\/revisions\/21816"}],"wp:featuredmedia":[{"embeddable":true,"href":"https:\/\/b.dovix.ca\/fr\/wp-json\/wp\/v2\/media\/21422"}],"wp:attachment":[{"href":"https:\/\/b.dovix.ca\/fr\/wp-json\/wp\/v2\/media?parent=21091"}],"wp:term":[{"taxonomy":"product_brand","embeddable":true,"href":"https:\/\/b.dovix.ca\/fr\/wp-json\/wp\/v2\/product_brand?post=21091"},{"taxonomy":"product_cat","embeddable":true,"href":"https:\/\/b.dovix.ca\/fr\/wp-json\/wp\/v2\/product_cat?post=21091"},{"taxonomy":"product_tag","embeddable":true,"href":"https:\/\/b.dovix.ca\/fr\/wp-json\/wp\/v2\/product_tag?post=21091"}],"curies":[{"name":"wp","href":"https:\/\/api.w.org\/{rel}","templated":true}]}}