{"id":21407,"date":"2024-10-11T03:51:33","date_gmt":"2024-10-11T03:51:33","guid":{"rendered":"https:\/\/b.dovix.ca\/?post_type=product&#038;p=21407"},"modified":"2025-03-20T13:49:21","modified_gmt":"2025-03-20T17:49:21","slug":"montreal-inspection","status":"publish","type":"product","link":"https:\/\/b.dovix.ca\/fr\/produit\/montreal-inspection\/","title":{"rendered":"Inspection dans Montr\u00e9al"},"content":{"rendered":"","protected":false},"excerpt":{"rendered":"<p><strong>Petits Travaux Divers:<\/strong> Avez-vous une liste de petits travaux que vous repoussez depuis trop longtemps ? Nous sommes l\u00e0 pour les r\u00e9aliser rapidement et efficacement ! Envoyez-nous des photos par message texte ou via WhatsApp. Voici nos coordonn\u00e9es : <a href=\"https:\/\/b.dovix.ca\/fr\/contact-us\/\">ici<\/a>.<\/p>\n<p>Des inspections (visites en personne) peuvent \u00eatre n\u00e9cessaires pour confirmer que nous pouvons fournir les services demand\u00e9s. Si vous r\u00e9servez le service, les frais d\u2019inspection seront cr\u00e9dit\u00e9s sur le co\u00fbt total, \u00e0 condition que nous puissions r\u00e9pondre \u00e0 votre demande.<\/p>\n<p>Veuillez utiliser cette page pour r\u00e9server une inspection dans les secteurs suivants : Brossard, Ch\u00e2teauguay, Dorval, Longueuil, Lachine, Lasalle, Le Sud-Ouest, Montr\u00e9al-Ouest, Pointe-Claire, Ville-Marie, Rosemont, Saint-Constant, Saint-Laurent et les environs.<\/p>\n<p>Pour les autres secteurs, veuillez utiliser les formulaires suivants: <a href=\"https:\/\/b.dovix.ca\/fr\/produit\/north-shore-inspection\/\"><strong>Rive-Nord de Montr\u00e9al<\/strong><\/a> ou <a href=\"https:\/\/b.dovix.ca\/fr\/produit\/south-shore-inspection\/\"><strong>Rive-Sud de Montr\u00e9al<\/strong><\/a><\/p>","protected":false},"featured_media":21839,"comment_status":"open","ping_status":"closed","template":"","meta":{"_monsterinsights_skip_tracking":false,"_monsterinsights_sitenote_active":false,"_monsterinsights_sitenote_note":"","_monsterinsights_sitenote_category":0},"product_brand":[],"product_cat":[74],"product_tag":[],"class_list":{"0":"post-21407","1":"product","2":"type-product","3":"status-publish","4":"has-post-thumbnail","6":"product_cat-home-services","8":"first","9":"instock","10":"sold-individually","11":"taxable","12":"shipping-taxable","13":"purchasable","14":"product-type-booking"},"aioseo_notices":[],"_links":{"self":[{"href":"https:\/\/b.dovix.ca\/fr\/wp-json\/wp\/v2\/product\/21407","targetHints":{"allow":["GET"]}}],"collection":[{"href":"https:\/\/b.dovix.ca\/fr\/wp-json\/wp\/v2\/product"}],"about":[{"href":"https:\/\/b.dovix.ca\/fr\/wp-json\/wp\/v2\/types\/product"}],"replies":[{"embeddable":true,"href":"https:\/\/b.dovix.ca\/fr\/wp-json\/wp\/v2\/comments?post=21407"}],"version-history":[{"count":5,"href":"https:\/\/b.dovix.ca\/fr\/wp-json\/wp\/v2\/product\/21407\/revisions"}],"predecessor-version":[{"id":21957,"href":"https:\/\/b.dovix.ca\/fr\/wp-json\/wp\/v2\/product\/21407\/revisions\/21957"}],"wp:featuredmedia":[{"embeddable":true,"href":"https:\/\/b.dovix.ca\/fr\/wp-json\/wp\/v2\/media\/21839"}],"wp:attachment":[{"href":"https:\/\/b.dovix.ca\/fr\/wp-json\/wp\/v2\/media?parent=21407"}],"wp:term":[{"taxonomy":"product_brand","embeddable":true,"href":"https:\/\/b.dovix.ca\/fr\/wp-json\/wp\/v2\/product_brand?post=21407"},{"taxonomy":"product_cat","embeddable":true,"href":"https:\/\/b.dovix.ca\/fr\/wp-json\/wp\/v2\/product_cat?post=21407"},{"taxonomy":"product_tag","embeddable":true,"href":"https:\/\/b.dovix.ca\/fr\/wp-json\/wp\/v2\/product_tag?post=21407"}],"curies":[{"name":"wp","href":"https:\/\/api.w.org\/{rel}","templated":true}]}}