{"id":21411,"date":"2024-10-11T03:54:19","date_gmt":"2024-10-11T03:54:19","guid":{"rendered":"https:\/\/b.dovix.ca\/?post_type=product&#038;p=21411"},"modified":"2025-03-20T13:53:33","modified_gmt":"2025-03-20T17:53:33","slug":"south-shore-inspection","status":"publish","type":"product","link":"https:\/\/b.dovix.ca\/fr\/produit\/south-shore-inspection\/","title":{"rendered":"Inspection Mtl Rive Sud"},"content":{"rendered":"","protected":false},"excerpt":{"rendered":"<p><strong>Petits Travaux Divers:<\/strong>\u00a0Do you have a list of small tasks you\u2019ve been putting off for too long? We are here to get them done quickly and efficiently! Send us photos via text message or WhatsApp. Our contact details are\u00a0<a href=\"https:\/\/b.dovix.ca\/fr\/contact-us\/\">ici<\/a>.<\/p>\n<p>Des inspections (visites en personne) peuvent \u00eatre n\u00e9cessaires pour confirmer que nous pouvons fournir les services demand\u00e9s. Si vous r\u00e9servez le service, les frais d\u2019inspection seront cr\u00e9dit\u00e9s sur le co\u00fbt total, \u00e0 condition que nous puissions r\u00e9pondre \u00e0 votre demande.<\/p>\n<p>Veuillez utiliser cette page pour r\u00e9server une inspection dans la Rive-Sud de Montr\u00e9al.<\/p>\n<p>Pour les autres secteurs, veuillez utiliser les formulaires suivants: <a href=\"https:\/\/b.dovix.ca\/fr\/produit\/montreal-inspection\/\"><strong>Montreal<\/strong><\/a> ou\u00a0<a href=\"https:\/\/b.dovix.ca\/fr\/produit\/north-shore-inspection\/\"><strong>Rive-Nord de Montr\u00e9al<\/strong><\/a>.<\/p>","protected":false},"featured_media":21837,"comment_status":"open","ping_status":"closed","template":"","meta":{"_monsterinsights_skip_tracking":false,"_monsterinsights_sitenote_active":false,"_monsterinsights_sitenote_note":"","_monsterinsights_sitenote_category":0},"product_brand":[],"product_cat":[74],"product_tag":[],"class_list":{"0":"post-21411","1":"product","2":"type-product","3":"status-publish","4":"has-post-thumbnail","6":"product_cat-home-services","8":"first","9":"instock","10":"sold-individually","11":"taxable","12":"shipping-taxable","13":"purchasable","14":"product-type-booking"},"aioseo_notices":[],"_links":{"self":[{"href":"https:\/\/b.dovix.ca\/fr\/wp-json\/wp\/v2\/product\/21411","targetHints":{"allow":["GET"]}}],"collection":[{"href":"https:\/\/b.dovix.ca\/fr\/wp-json\/wp\/v2\/product"}],"about":[{"href":"https:\/\/b.dovix.ca\/fr\/wp-json\/wp\/v2\/types\/product"}],"replies":[{"embeddable":true,"href":"https:\/\/b.dovix.ca\/fr\/wp-json\/wp\/v2\/comments?post=21411"}],"version-history":[{"count":5,"href":"https:\/\/b.dovix.ca\/fr\/wp-json\/wp\/v2\/product\/21411\/revisions"}],"predecessor-version":[{"id":21966,"href":"https:\/\/b.dovix.ca\/fr\/wp-json\/wp\/v2\/product\/21411\/revisions\/21966"}],"wp:featuredmedia":[{"embeddable":true,"href":"https:\/\/b.dovix.ca\/fr\/wp-json\/wp\/v2\/media\/21837"}],"wp:attachment":[{"href":"https:\/\/b.dovix.ca\/fr\/wp-json\/wp\/v2\/media?parent=21411"}],"wp:term":[{"taxonomy":"product_brand","embeddable":true,"href":"https:\/\/b.dovix.ca\/fr\/wp-json\/wp\/v2\/product_brand?post=21411"},{"taxonomy":"product_cat","embeddable":true,"href":"https:\/\/b.dovix.ca\/fr\/wp-json\/wp\/v2\/product_cat?post=21411"},{"taxonomy":"product_tag","embeddable":true,"href":"https:\/\/b.dovix.ca\/fr\/wp-json\/wp\/v2\/product_tag?post=21411"}],"curies":[{"name":"wp","href":"https:\/\/api.w.org\/{rel}","templated":true}]}}